{"id":40,"date":"2022-03-07T21:50:47","date_gmt":"2022-03-07T21:50:47","guid":{"rendered":"http:\/\/www.tanatoriocandean.es\/?page_id=40"},"modified":"2023-09-24T17:59:12","modified_gmt":"2023-09-24T17:59:12","slug":"quienes-somos","status":"publish","type":"page","link":"https:\/\/www.tanatoriocandean.es\/index.php\/quienes-somos\/","title":{"rendered":"Quienes somos"},"content":{"rendered":"\n<figure class=\"wp-block-pullquote has-text-align-left\"><blockquote><p>Desde el a\u00f1o 2014,<strong> Tanatorio Cande\u00e1n<\/strong> trabaja para que no tenga que preocuparse de nada. Nosotros nos ocupamos de todo lo necesario para ofrecerle el mejor servicio funerario, tanto a <strong>particulares como a compa\u00f1\u00edas de seguros<\/strong>.<br><br>Para aquellos que no cuenten con un seguro de decesos <strong>Tanatorio Cande\u00e1n<\/strong> le facilita la gesti\u00f3n y todos los tr\u00e1mites necesarios que ocasiona la p\u00e9rdida de un familiar.<br><br>Nuestro personal funerario, cuenta con una amplia experiencia, cuidando al m\u00e1ximo el m\u00e1s m\u00ednimo detalle con cercan\u00eda, rigor y profesionalidad.<\/p><\/blockquote><\/figure>\n\n\n\n<figure class=\"wp-block-image size-large\"><img loading=\"lazy\" decoding=\"async\" width=\"1024\" height=\"683\" src=\"http:\/\/www.tanatoriocandean.es\/wp-content\/uploads\/2023\/09\/DSF5209-1024x683.jpg\" alt=\"\" class=\"wp-image-216\" srcset=\"https:\/\/www.tanatoriocandean.es\/wp-content\/uploads\/2023\/09\/DSF5209-1024x683.jpg 1024w, https:\/\/www.tanatoriocandean.es\/wp-content\/uploads\/2023\/09\/DSF5209-300x200.jpg 300w, https:\/\/www.tanatoriocandean.es\/wp-content\/uploads\/2023\/09\/DSF5209-768x512.jpg 768w, https:\/\/www.tanatoriocandean.es\/wp-content\/uploads\/2023\/09\/DSF5209-1536x1024.jpg 1536w, https:\/\/www.tanatoriocandean.es\/wp-content\/uploads\/2023\/09\/DSF5209-2048x1365.jpg 2048w, https:\/\/www.tanatoriocandean.es\/wp-content\/uploads\/2023\/09\/DSF5209-272x182.jpg 272w\" sizes=\"auto, (max-width: 1024px) 100vw, 1024px\" \/><\/figure>\n","protected":false},"excerpt":{"rendered":"<p>Desde el a\u00f1o 2014, Tanatorio Cande\u00e1n trabaja para que no tenga que preocuparse de nada. Nosotros nos ocupamos de todo lo necesario para ofrecerle el mejor servicio funerario, tanto a particulares como a compa\u00f1\u00edas de seguros. Para aquellos que no cuenten con un seguro de decesos Tanatorio Cande\u00e1n le facilita la gesti\u00f3n y todos los [&hellip;]<\/p>\n","protected":false},"author":1,"featured_media":0,"parent":0,"menu_order":0,"comment_status":"closed","ping_status":"closed","template":"templates\/template-full.php","meta":{"footnotes":""},"class_list":["post-40","page","type-page","status-publish","hentry","post"],"_links":{"self":[{"href":"https:\/\/www.tanatoriocandean.es\/index.php\/wp-json\/wp\/v2\/pages\/40","targetHints":{"allow":["GET"]}}],"collection":[{"href":"https:\/\/www.tanatoriocandean.es\/index.php\/wp-json\/wp\/v2\/pages"}],"about":[{"href":"https:\/\/www.tanatoriocandean.es\/index.php\/wp-json\/wp\/v2\/types\/page"}],"author":[{"embeddable":true,"href":"https:\/\/www.tanatoriocandean.es\/index.php\/wp-json\/wp\/v2\/users\/1"}],"replies":[{"embeddable":true,"href":"https:\/\/www.tanatoriocandean.es\/index.php\/wp-json\/wp\/v2\/comments?post=40"}],"version-history":[{"count":20,"href":"https:\/\/www.tanatoriocandean.es\/index.php\/wp-json\/wp\/v2\/pages\/40\/revisions"}],"predecessor-version":[{"id":224,"href":"https:\/\/www.tanatoriocandean.es\/index.php\/wp-json\/wp\/v2\/pages\/40\/revisions\/224"}],"wp:attachment":[{"href":"https:\/\/www.tanatoriocandean.es\/index.php\/wp-json\/wp\/v2\/media?parent=40"}],"curies":[{"name":"wp","href":"https:\/\/api.w.org\/{rel}","templated":true}]}}