{"id":47,"date":"2022-03-07T21:54:27","date_gmt":"2022-03-07T21:54:27","guid":{"rendered":"http:\/\/www.tanatoriocandean.es\/?page_id=47"},"modified":"2024-02-07T07:37:24","modified_gmt":"2024-02-07T07:37:24","slug":"como-llegar","status":"publish","type":"page","link":"https:\/\/www.tanatoriocandean.es\/index.php\/como-llegar\/","title":{"rendered":"C\u00f3mo llegar"},"content":{"rendered":"\n<p>En coche:<\/p>\n\n\n\n<p><strong>Escanea el c\u00f3digo QR con la c\u00e1mara de tu tel\u00e9fono.<\/strong><\/p>\n\n\n\n<div class=\"wp-block-columns is-layout-flex wp-container-core-columns-is-layout-9d6595d7 wp-block-columns-is-layout-flex\">\n<div class=\"wp-block-column is-layout-flow wp-block-column-is-layout-flow\" style=\"flex-basis:66.66%\">\n<iframe src=\"https:\/\/www.google.com\/maps\/embed?pb=!1m18!1m12!1m3!1d23626.55474994635!2d-8.687674177513733!3d42.25035245824071!2m3!1f0!2f0!3f0!3m2!1i1024!2i768!4f13.1!3m3!1m2!1s0xd2f62ce8af5531f%3A0xe422b7bd61b422a1!2sTanatorio%20de%20Cande%C3%A1n!5e0!3m2!1ses!2ses!4v1707291400558!5m2!1ses!2ses\" width=\"600\" height=\"450\" style=\"border:0;\" allowfullscreen=\"\" loading=\"lazy\" referrerpolicy=\"no-referrer-when-downgrade\"><\/iframe>\n\n\n\n<h2 class=\"wp-block-heading\"><strong>Lugar de Facha s\/n, 36317 Vigo, Pontevedra<\/strong><\/h2>\n<\/div>\n\n\n\n<div class=\"wp-block-column is-layout-flow wp-block-column-is-layout-flow\" style=\"flex-basis:33.33%\">\n<figure class=\"wp-block-image size-full is-resized\"><img loading=\"lazy\" decoding=\"async\" width=\"300\" height=\"300\" src=\"http:\/\/www.tanatoriocandean.es\/wp-content\/uploads\/2022\/04\/qr.png\" alt=\"\" class=\"wp-image-91\" style=\"width:279px;height:279px\" srcset=\"https:\/\/www.tanatoriocandean.es\/wp-content\/uploads\/2022\/04\/qr.png 300w, https:\/\/www.tanatoriocandean.es\/wp-content\/uploads\/2022\/04\/qr-150x150.png 150w\" sizes=\"auto, (max-width: 300px) 100vw, 300px\" \/><\/figure>\n<\/div>\n<\/div>\n\n\n\n<p>En Autob\u00fas Urbano (Vitrasa):<\/p>\n\n\n\n<p>La <strong>linea 9B<\/strong> tiene parada en el propio tanatorio los S\u00e1bados, Domingos y Festivos.<\/p>\n\n\n\n<p>Puede calcular su ruta pulsando <a href=\"https:\/\/www.vitrasa.es\/php\/index.php?pag=calculo-rutas\">aqu\u00ed<\/a>:<\/p>\n","protected":false},"excerpt":{"rendered":"<p>En coche: Escanea el c\u00f3digo QR con la c\u00e1mara de tu tel\u00e9fono. Lugar de Facha s\/n, 36317 Vigo, Pontevedra En Autob\u00fas Urbano (Vitrasa): La linea 9B tiene parada en el propio tanatorio los S\u00e1bados, Domingos y Festivos. Puede calcular su ruta pulsando aqu\u00ed:<\/p>\n","protected":false},"author":1,"featured_media":0,"parent":0,"menu_order":0,"comment_status":"closed","ping_status":"closed","template":"templates\/template-full.php","meta":{"footnotes":""},"class_list":["post-47","page","type-page","status-publish","hentry","post"],"_links":{"self":[{"href":"https:\/\/www.tanatoriocandean.es\/index.php\/wp-json\/wp\/v2\/pages\/47","targetHints":{"allow":["GET"]}}],"collection":[{"href":"https:\/\/www.tanatoriocandean.es\/index.php\/wp-json\/wp\/v2\/pages"}],"about":[{"href":"https:\/\/www.tanatoriocandean.es\/index.php\/wp-json\/wp\/v2\/types\/page"}],"author":[{"embeddable":true,"href":"https:\/\/www.tanatoriocandean.es\/index.php\/wp-json\/wp\/v2\/users\/1"}],"replies":[{"embeddable":true,"href":"https:\/\/www.tanatoriocandean.es\/index.php\/wp-json\/wp\/v2\/comments?post=47"}],"version-history":[{"count":12,"href":"https:\/\/www.tanatoriocandean.es\/index.php\/wp-json\/wp\/v2\/pages\/47\/revisions"}],"predecessor-version":[{"id":607,"href":"https:\/\/www.tanatoriocandean.es\/index.php\/wp-json\/wp\/v2\/pages\/47\/revisions\/607"}],"wp:attachment":[{"href":"https:\/\/www.tanatoriocandean.es\/index.php\/wp-json\/wp\/v2\/media?parent=47"}],"curies":[{"name":"wp","href":"https:\/\/api.w.org\/{rel}","templated":true}]}}